{"id":11617,"date":"2015-03-09T04:08:21","date_gmt":"2015-03-09T03:08:21","guid":{"rendered":"http:\/\/hajdusamson.hu\/?page_id=11617"},"modified":"2021-08-17T11:07:17","modified_gmt":"2021-08-17T10:07:17","slug":"hajdusamson-varos-kozbeszerzesi-terve","status":"publish","type":"page","link":"https:\/\/hajdusamson.hu\/?page_id=11617","title":{"rendered":"Hajd\u00fas\u00e1mson V\u00e1ros K\u00f6zbeszerz\u00e9si terve"},"content":{"rendered":"<div class=\"fusion-fullwidth fullwidth-box\" style=\"background-color:#ffffff;background-attachment:scroll;background-position:left top;background-repeat:no-repeat;-webkit-background-size:cover;-moz-background-size:cover;-o-background-size:cover;background-size:cover;border-color:#eae9e9;border-bottom-width: 0px;border-top-width: 0px;border-bottom-style: solid;border-top-style: solid;padding-bottom:20px;padding-left:20px;padding-right:20px;padding-top:20px;\"><div class=\"avada-row\">Let\u00f6lthet\u0151 dokumentumok:<\/p>\n<ul>\n<li><a href=\"https:\/\/hajdusamson.hu\/wp-content\/uploads\/2021\/08\/Kozbeszerzesi-terv-2021.08.pdf\" target=\"_blank\" rel=\"noopener\">K\u00f6zbeszerz\u00e9si terv 2021.08<\/a><\/li>\n<li><a href=\"https:\/\/hajdusamson.hu\/wp-content\/uploads\/2019\/04\/HS_kozbesz-2019.pdf\" target=\"_blank\" rel=\"noopener noreferrer\">K\u00f6zbeszerz\u00e9si terv 2019. \u00e9v<\/a><\/li>\n<li><a href=\"https:\/\/hajdusamson.hu\/wp-content\/uploads\/2018\/10\/K\u00f6zbeszerz\u00e9si-terv-2018-II.-sz-m\u00f3dos\u00edt\u00e1sa.pdf\" target=\"_blank\" rel=\"noopener noreferrer\">K\u00f6zbeszerz\u00e9si terv 2018 II. sz m\u00f3dos\u00edt\u00e1sa<\/a><\/li>\n<li><a href=\"https:\/\/hajdusamson.hu\/wp-content\/uploads\/2015\/03\/K\u00f6zbeszerz\u00e9si-terv-2018.pdf\" target=\"_blank\" rel=\"noopener noreferrer\">K\u00f6zbeszerz\u00e9si terv 2018<\/a><\/li>\n<li><a href=\"https:\/\/hajdusamson.hu\/wp-content\/uploads\/2015\/03\/K\u00f6zbeszerz\u00e9si-terv-2017.pdf\" target=\"_blank\" rel=\"noopener noreferrer\">K\u00f6zbeszerz\u00e9si terv 2017<\/a><\/li>\n<li><a href=\"https:\/\/hajdusamson.hu\/wp-content\/uploads\/2015\/03\/K\u00f6zbeszerz\u00e9si-terv-3.-sz.-m\u00f3dos\u00edt\u00e1s.pdf\">K\u00f6zbeszerz\u00e9si terv 2016. \u00e9v m\u00f3dos\u00edt\u00e1s 3.<\/a><\/li>\n<li><a href=\"https:\/\/hajdusamson.hu\/wp-content\/uploads\/2015\/03\/K\u00f6zbeszerz\u00e9si-terv-m\u00f3dos\u00edt\u00e1s-2..pdf\" target=\"_blank\" rel=\"noopener noreferrer\">K\u00f6zbeszerz\u00e9si terv 2016. \u00e9v m\u00f3dos\u00edt\u00e1s 2.<\/a><\/li>\n<li><a href=\"https:\/\/hajdusamson.hu\/wp-content\/uploads\/2015\/03\/K\u00f6zbeszerz\u00e9si-terv-m\u00f3dos\u00edt\u00e1s-1..pdf\" target=\"_blank\" rel=\"noopener noreferrer\">K\u00f6zbeszerz\u00e9si terv 2016. \u00e9v m\u00f3dos\u00edt\u00e1s 1.<\/a><\/li>\n<li><a href=\"https:\/\/hajdusamson.hu\/wp-content\/uploads\/2015\/03\/K\u00f6zbeszerz\u00e9si-terv_2016.\u00e9v.pdf\">K\u00f6zbeszerz\u00e9si terv 2016. \u00e9v<\/a><\/li>\n<li><a href=\"https:\/\/hajdusamson.hu\/wp-content\/uploads\/2015\/03\/K\u00f6zbeszerz\u00e9si-terv_2015.\u00e9v_m\u00f3dos\u00edt\u00e1s.pdf.pdf\">K\u00f6zbeszerz\u00e9si terv 2015. \u00e9v m\u00f3dos\u00edt\u00e1s<\/a><\/li>\n<li><a href=\"https:\/\/hajdusamson.hu\/wp-content\/uploads\/2015\/03\/K\u00f6zbeszerz\u00e9si-terv_2015.\u00e9v.pdf\">K\u00f6zbeszerz\u00e9si terv 2015. \u00e9v<\/a><\/li>\n<li><a class=\"link\" href=\"http:\/\/www.hajdusamson.hu\/files\/termek_files0000001025.pdf\">K\u00f6zbeszerz\u00e9si terv 2014. \u00e9v<\/a><\/li>\n<li><a class=\"link\" href=\"http:\/\/www.hajdusamson.hu\/files\/termek_files0000000586.pdf\">K\u00f6zbeszerz\u00e9si terv 2013. \u00e9v<\/a><\/li>\n<li><a class=\"link\" href=\"http:\/\/www.hajdusamson.hu\/files\/termek_files0000000458.pdf\">K\u00f6zbeszerz\u00e9si terv 2012. \u00e9v<\/a><\/li>\n<li><a class=\"link\" href=\"http:\/\/www.hajdusamson.hu\/files\/termek_files0000000457.pdf\">K\u00f6zbeszerz\u00e9si terv 2011. \u00e9v<\/a><\/li>\n<li><a class=\"link\" href=\"http:\/\/www.hajdusamson.hu\/files\/termek_files0000000456.pdf\">K\u00f6zbeszerz\u00e9si terv 2010. \u00e9v<\/a><\/li>\n<li><a class=\"link\" href=\"http:\/\/www.hajdusamson.hu\/files\/termek_files0000000455.pdf\">K\u00f6zbeszerz\u00e9si terv 2009. \u00e9v<\/a><\/li>\n<li><a class=\"link\" href=\"http:\/\/www.hajdusamson.hu\/files\/termek_files0000000454.pdf\">K\u00f6zbeszerz\u00e9si terv 2008. \u00e9v<\/a><\/li>\n<\/ul>\n<\/div><\/div>\n","protected":false},"excerpt":{"rendered":"","protected":false},"author":1,"featured_media":0,"parent":11609,"menu_order":0,"comment_status":"open","ping_status":"open","template":"","meta":{"footnotes":""},"class_list":["post-11617","page","type-page","status-publish","hentry"],"_links":{"self":[{"href":"https:\/\/hajdusamson.hu\/index.php?rest_route=\/wp\/v2\/pages\/11617","targetHints":{"allow":["GET"]}}],"collection":[{"href":"https:\/\/hajdusamson.hu\/index.php?rest_route=\/wp\/v2\/pages"}],"about":[{"href":"https:\/\/hajdusamson.hu\/index.php?rest_route=\/wp\/v2\/types\/page"}],"author":[{"embeddable":true,"href":"https:\/\/hajdusamson.hu\/index.php?rest_route=\/wp\/v2\/users\/1"}],"replies":[{"embeddable":true,"href":"https:\/\/hajdusamson.hu\/index.php?rest_route=%2Fwp%2Fv2%2Fcomments&post=11617"}],"version-history":[{"count":13,"href":"https:\/\/hajdusamson.hu\/index.php?rest_route=\/wp\/v2\/pages\/11617\/revisions"}],"predecessor-version":[{"id":21751,"href":"https:\/\/hajdusamson.hu\/index.php?rest_route=\/wp\/v2\/pages\/11617\/revisions\/21751"}],"up":[{"embeddable":true,"href":"https:\/\/hajdusamson.hu\/index.php?rest_route=\/wp\/v2\/pages\/11609"}],"wp:attachment":[{"href":"https:\/\/hajdusamson.hu\/index.php?rest_route=%2Fwp%2Fv2%2Fmedia&parent=11617"}],"curies":[{"name":"wp","href":"https:\/\/api.w.org\/{rel}","templated":true}]}}