{"id":11871,"date":"2015-03-10T04:30:34","date_gmt":"2015-03-10T03:30:34","guid":{"rendered":"http:\/\/hajdusamson.hu\/?page_id=11871"},"modified":"2015-03-10T04:30:34","modified_gmt":"2015-03-10T03:30:34","slug":"2-10-kozzeteteli-listak","status":"publish","type":"page","link":"https:\/\/hajdusamson.hu\/?page_id=11871","title":{"rendered":"2.10. K\u00f6zz\u00e9t\u00e9teli list\u00e1k"},"content":{"rendered":"<p class=\"szoveg_bold\">Let\u00f6lthet\u0151 dokumentumok:<\/p>\n<ul>\n<li><a class=\"link\" href=\"http:\/\/www.hajdusamson.hu\/files\/termek_files0000000064.pdf\">\u00c1ltal\u00e1nos k\u00f6zz\u00e9t\u00e9teli lista.pdf<\/a><\/li>\n<\/ul>\n","protected":false},"excerpt":{"rendered":"<p>Let\u00f6lthet\u0151 dokumentumok: \u00c1ltal\u00e1nos k\u00f6zz\u00e9t\u00e9teli lista.pdf<\/p>\n","protected":false},"author":1,"featured_media":0,"parent":11788,"menu_order":0,"comment_status":"open","ping_status":"open","template":"","meta":{"footnotes":""},"class_list":["post-11871","page","type-page","status-publish","hentry"],"_links":{"self":[{"href":"https:\/\/hajdusamson.hu\/index.php?rest_route=\/wp\/v2\/pages\/11871","targetHints":{"allow":["GET"]}}],"collection":[{"href":"https:\/\/hajdusamson.hu\/index.php?rest_route=\/wp\/v2\/pages"}],"about":[{"href":"https:\/\/hajdusamson.hu\/index.php?rest_route=\/wp\/v2\/types\/page"}],"author":[{"embeddable":true,"href":"https:\/\/hajdusamson.hu\/index.php?rest_route=\/wp\/v2\/users\/1"}],"replies":[{"embeddable":true,"href":"https:\/\/hajdusamson.hu\/index.php?rest_route=%2Fwp%2Fv2%2Fcomments&post=11871"}],"version-history":[{"count":1,"href":"https:\/\/hajdusamson.hu\/index.php?rest_route=\/wp\/v2\/pages\/11871\/revisions"}],"predecessor-version":[{"id":11872,"href":"https:\/\/hajdusamson.hu\/index.php?rest_route=\/wp\/v2\/pages\/11871\/revisions\/11872"}],"up":[{"embeddable":true,"href":"https:\/\/hajdusamson.hu\/index.php?rest_route=\/wp\/v2\/pages\/11788"}],"wp:attachment":[{"href":"https:\/\/hajdusamson.hu\/index.php?rest_route=%2Fwp%2Fv2%2Fmedia&parent=11871"}],"curies":[{"name":"wp","href":"https:\/\/api.w.org\/{rel}","templated":true}]}}