{"id":12009,"date":"2015-03-12T05:41:43","date_gmt":"2015-03-12T04:41:43","guid":{"rendered":"http:\/\/hajdusamson.hu\/?page_id=12009"},"modified":"2015-11-02T07:23:47","modified_gmt":"2015-11-02T06:23:47","slug":"gyermekjoleti-szolgalat","status":"publish","type":"page","link":"https:\/\/hajdusamson.hu\/?page_id=12009","title":{"rendered":"Gyermekj\u00f3l\u00e9ti Szolg\u00e1lat"},"content":{"rendered":"<style type='text\/css'>.reading-box-container-1 .element-bottomshadow:before,.reading-box-container-1 .element-bottomshadow:after{opacity:0.7;}<\/style><div class=\"fusion-reading-box-container reading-box-container-1\"><div class=\"reading-box\" style=\"background-color:#ffffff;border-width:1px;border-color:#f6f6f6;border-left-width:3px;border-left-color:#0057a3;border-style:solid;\">\n<p><strong>Ny\u00edradonyi Szoci\u00e1lis \u00e9s Gyermekj\u00f3l\u00e9ti Szolg\u00e1ltat\u00e1si K\u00f6zpont<br \/>\nGyermekj\u00f3l\u00e9ti Szolg\u00e1lat Hajd\u00fas\u00e1msoni Ter\u00fcleti Iroda<br \/>\n<\/strong><\/p>\n<p><strong>Terdik J\u00e1nos<\/strong><br \/>\n<span style=\"font-size: small;\"><em>int\u00e9zm\u00e9nyvezet\u0151<\/em><\/span><\/p>\n<p><strong>Ol\u00e1hn\u00e9 Bal\u00e1zs Erzs\u00e9bet<\/strong><br \/>\n<span style=\"font-size: small;\"><em>telephelyvezet\u0151<\/em><\/span><\/p>\n<p><span style=\"font-size: small;\"><em>Csal\u00e1dgondoz\u00f3k:<br \/>\n<\/em><\/span><strong>M\u00e9h\u00e9sz Szilvia<\/strong><br \/>\n<strong>Fogarasi L\u00e1szl\u00f3<\/strong><br \/>\n<strong>Sepsin\u00e9 Fejes Zs\u00f3fia<\/strong><br \/>\n<strong>Haj\u00f3sin\u00e9 Varga Katalin<span style=\"font-size: small;\"><em><br \/>\n<\/em><\/span><\/strong><\/p>\n<p><em>4251 Hajd\u00fas\u00e1mson, \u00c1rp\u00e1d u. 22.<\/em><br \/>\n<em>+36 (52) 201-346<\/em><br \/>\n<em><a href=\"mailto:hsamsongyjsz@freemail.hu\">hsamsongyjsz@freemail.hu<\/a><\/em><\/p>\n<p><strong>\u00dcgyf\u00e9lfogad\u00e1s:<\/strong><\/p>\n<div class=\"table-1 rendido\">\n<table width=\"100%\" align=\"center\">\n<tbody>\n<tr>\n<td align=\"center\"><strong>H\u00e9tf\u0151<\/strong><\/td>\n<td align=\"center\"><strong>Kedd<\/strong><\/td>\n<td align=\"center\"><strong>Szerda<\/strong><\/td>\n<td align=\"center\"><strong>Cs\u00fct\u00f6rt\u00f6k<\/strong><\/td>\n<td align=\"center\"><strong>P\u00e9ntek<\/strong><\/td>\n<\/tr>\n<tr>\n<td align=\"center\">8<span style=\"vertical-align: super; font-size: 50%;\">00<\/span> &#8211; 16<span style=\"vertical-align: super; font-size: 50%;\">00<\/span><\/td>\n<td align=\"center\">8<span style=\"vertical-align: super; font-size: 50%;\">00<\/span> &#8211; 16<span style=\"vertical-align: super; font-size: 50%;\">00<\/span><\/td>\n<td align=\"center\">12<span style=\"vertical-align: super; font-size: 50%;\">00<\/span> &#8211; 16<span style=\"vertical-align: super; font-size: 50%;\">00<\/span><\/td>\n<td align=\"center\">nincs<\/td>\n<td align=\"center\">8<span style=\"vertical-align: super; font-size: 50%;\">00<\/span> &#8211; 13<span style=\"vertical-align: super; font-size: 50%;\">00<\/span><\/td>\n<\/tr>\n<\/tbody>\n<\/table>\n<p style=\"text-align: left;\">\n<p style=\"text-align: left;\">\n<\/div>\n<\/div><\/div><style type='text\/css'>.reading-box-container-2 .element-bottomshadow:before,.reading-box-container-2 .element-bottomshadow:after{opacity:0.7;}<\/style><div class=\"fusion-reading-box-container reading-box-container-2\"><div class=\"reading-box\" style=\"background-color:#ffffff;border-width:1px;border-color:#f6f6f6;border-left-width:3px;border-left-color:#0057a3;border-style:solid;\">\n<p><strong>Tev\u00e9kenys\u00e9g\u00fcnkr\u0151l:<\/strong><\/p>\n<p style=\"text-align: justify;\">A Gyermekj\u00f3l\u00e9ti Szolg\u00e1lat alapvet\u0151 feladata a gyermek csal\u00e1dban t\u00f6rt\u00e9n\u0151 nevelked\u00e9s\u00e9nek el\u0151seg\u00edt\u00e9se, vesz\u00e9lyeztetetts\u00e9g\u00e9nek megel\u0151z\u00e9se, vesz\u00e9lyeztetetts\u00e9g\u00e9nek megsz\u00fcntet\u00e9se, javaslatt\u00e9tel gyermekv\u00e9delmi gondoskod\u00e1s alkalmaz\u00e1s\u00e1ra, a csal\u00e1dj\u00e1b\u00f3l kiemelt gyermek visszahelyez\u00e9s\u00e9nek el\u0151seg\u00edt\u00e9se, ut\u00f3gondoz\u00e1s.<\/p>\n<p style=\"text-align: justify;\">A szolg\u00e1lat seg\u00edts\u00e9get ny\u00fajt hivatalos \u00fcgyint\u00e9z\u00e9sben, t\u00e1j\u00e9koztat\u00e1st ny\u00fajt ig\u00e9nybe vehet\u0151 ell\u00e1t\u00e1sokr\u00f3l, seg\u00edti azok ig\u00e9nybe v\u00e9tel\u00e9t.<\/p>\n<p style=\"text-align: justify;\">Tan\u00e1csad\u00e1ssal seg\u00edtik mindazokat, akiknek gyermeknevel\u00e9si, csal\u00e1di probl\u00e9m\u00e1ik mer\u00fclnek fel.<\/p>\n<p style=\"text-align: justify;\">A szolg\u00e1lat valamennyi szolg\u00e1ltat\u00e1sa ingyenesen vehet\u0151 ig\u00e9nybe.<\/p>\n<p style=\"text-align: justify;\">A szolg\u00e1lat szolg\u00e1ltat\u00e1sainak ig\u00e9nybev\u00e9tele \u00f6nk\u00e9ntes alapon t\u00f6rt\u00e9nik, kiv\u00e9ve, ha hat\u00f3s\u00e1g rendeli el.<\/p>\n<p style=\"text-align: justify;\">A gyermekek vesz\u00e9lyeztetetts\u00e9g\u00e9t leggyakrabban a t\u00f6rv\u00e9ny \u00e1ltal jelz\u00e9sre k\u00f6telezett int\u00e9zm\u00e9nyek jelzik, azonban a szolg\u00e1lat fel\u00e9 b\u00e1rki jelz\u00e9ssel \u00e9lhet, \u00edgy k\u00e9rj\u00fck a lakoss\u00e1got, hogy \u00e9rtes\u00edts\u00e9k a szolg\u00e1latot, ha a k\u00f6rnyezet\u00fckben \u00e9l\u0151 gyermekek b\u00e1rmif\u00e9le elhanyagol\u00e1s\u00e1t, probl\u00e9m\u00e1j\u00e1t \u00e9szlelik, hogy miel\u0151bb seg\u00edts\u00e9ghez juttass\u00e1k \u0151ket.<\/p>\n<p style=\"text-align: justify;\">A gyermekj\u00f3l\u00e9ti szolg\u00e1lat gondoskodik a gyermek b\u00e1ntalmaz\u00e1s\u00e1r\u00f3l, elhanyagol\u00e1s\u00e1r\u00f3l \u00e9rkezett jelz\u00e9st vagy kezdem\u00e9nyez\u00e9st tev\u0151 int\u00e9zm\u00e9ny, szem\u00e9ly adatainak z\u00e1rtan t\u00f6rt\u00e9n\u0151 kezel\u00e9s\u00e9r\u0151l. A gyermekj\u00f3l\u00e9ti szolg\u00e1lat a jelz\u00e9ssel \u00e9rintett szem\u00e9ly r\u00e9sz\u00e9re nem biztos\u00edt betekint\u00e9st a z\u00e1rtan kezelend\u0151 adatokat tartalmaz\u00f3 irat azon r\u00e9sz\u00e9be, amelyb\u0151l k\u00f6vetkeztet\u00e9s vonhat\u00f3 le a jelz\u00e9st vagy kezdem\u00e9nyez\u00e9st tev\u0151 int\u00e9zm\u00e9nyre, szem\u00e9lyre.<\/p>\n<p style=\"text-align: justify;\">Forduljanak hozz\u00e1nk bizalommal megold\u00e1sra v\u00e1r\u00f3 probl\u00e9m\u00e1ikkal, jelz\u00e9ssel egyar\u00e1nt.<\/p>\n<\/div><\/div>\n","protected":false},"excerpt":{"rendered":"","protected":false},"author":1,"featured_media":0,"parent":11807,"menu_order":0,"comment_status":"open","ping_status":"open","template":"","meta":{"footnotes":""},"class_list":["post-12009","page","type-page","status-publish","hentry"],"_links":{"self":[{"href":"https:\/\/hajdusamson.hu\/index.php?rest_route=\/wp\/v2\/pages\/12009","targetHints":{"allow":["GET"]}}],"collection":[{"href":"https:\/\/hajdusamson.hu\/index.php?rest_route=\/wp\/v2\/pages"}],"about":[{"href":"https:\/\/hajdusamson.hu\/index.php?rest_route=\/wp\/v2\/types\/page"}],"author":[{"embeddable":true,"href":"https:\/\/hajdusamson.hu\/index.php?rest_route=\/wp\/v2\/users\/1"}],"replies":[{"embeddable":true,"href":"https:\/\/hajdusamson.hu\/index.php?rest_route=%2Fwp%2Fv2%2Fcomments&post=12009"}],"version-history":[{"count":4,"href":"https:\/\/hajdusamson.hu\/index.php?rest_route=\/wp\/v2\/pages\/12009\/revisions"}],"predecessor-version":[{"id":14148,"href":"https:\/\/hajdusamson.hu\/index.php?rest_route=\/wp\/v2\/pages\/12009\/revisions\/14148"}],"up":[{"embeddable":true,"href":"https:\/\/hajdusamson.hu\/index.php?rest_route=\/wp\/v2\/pages\/11807"}],"wp:attachment":[{"href":"https:\/\/hajdusamson.hu\/index.php?rest_route=%2Fwp%2Fv2%2Fmedia&parent=12009"}],"curies":[{"name":"wp","href":"https:\/\/api.w.org\/{rel}","templated":true}]}}