{"id":12011,"date":"2015-03-12T05:42:53","date_gmt":"2015-03-12T04:42:53","guid":{"rendered":"http:\/\/hajdusamson.hu\/?page_id=12011"},"modified":"2024-01-19T08:27:01","modified_gmt":"2024-01-19T07:27:01","slug":"tamogato-szolgalat","status":"publish","type":"page","link":"https:\/\/hajdusamson.hu\/?page_id=12011","title":{"rendered":"T\u00e1mogat\u00f3 Szolg\u00e1lat"},"content":{"rendered":"<style type='text\/css'>.reading-box-container-1 .element-bottomshadow:before,.reading-box-container-1 .element-bottomshadow:after{opacity:0.7;}<\/style><div class=\"fusion-reading-box-container reading-box-container-1\"><div class=\"reading-box\" style=\"background-color:#ffffff;border-width:1px;border-color:#f6f6f6;border-left-width:3px;border-left-color:#0057a3;border-style:solid;\">\n<p><strong>Ny\u00edradonyi Szoci\u00e1lis \u00e9s Gyermekj\u00f3l\u00e9ti Szolg\u00e1ltat\u00e1si K\u00f6zpont<br \/>\nHajd\u00fas\u00e1msoni Telephelye T\u00e1mogat\u00f3\u00a0<\/strong><strong>Szolg\u00e1lat<\/strong><\/p>\n<p><strong>Terdik J\u00e1nos<\/strong><br \/>\n<span style=\"font-size: small;\"><em>int\u00e9zm\u00e9nyvezet\u0151<\/em><\/span><\/p>\n<p><strong>Cs\u0151szn\u00e9 Szil\u00e1gyi Erzs\u00e9bet<\/strong><br \/>\n<span style=\"font-size: small;\"><em>telephelyvezet\u0151<\/em><\/span><\/p>\n<p><em>Szem\u00e9lyi seg\u00edt\u0151:<\/em><em><br \/>\n<\/em><strong>Ill\u00e9sn\u00e9 Gargya Erika<\/strong><\/p>\n<p><em>Szem\u00e9lyi sz\u00e1ll\u00edt\u00f3:<\/em><em><br \/>\n<\/em><strong>Bertalan Tolt\u00e1n<\/strong><\/p>\n<p><em>4251 Hajd\u00fas\u00e1mson, R\u00e1k\u00f3czi \u00fat. 9.<\/em><br \/>\n<em>+36 (52) 201-346;\u00a0+36 (52) 201-343<\/em><br \/>\n\u00daj email c\u00edm:<br \/>\n<em><a class=\"moz-txt-link-abbreviated\" href=\"mailto:csszolgalatsamson@gmail.com\">csszolgalatsamson@gmail.com<\/a><\/em><br \/>\nr\u00e9gi:<em>(<a href=\"mailto:hsamsongyjsz@freemail.hu\">hsamsongyjsz@freemail.hu<\/a><\/em>)<\/p>\n<p><strong>\u00dcgyf\u00e9lfogad\u00e1s:<\/strong><\/p>\n<div class=\"table-1 rendido\">\n<table width=\"100%\" align=\"center\">\n<tbody>\n<tr>\n<td align=\"center\"><strong>H\u00e9tf\u0151<\/strong><\/td>\n<td align=\"center\"><strong>Kedd<\/strong><\/td>\n<td align=\"center\"><strong>Szerda<\/strong><\/td>\n<td align=\"center\"><strong>Cs\u00fct\u00f6rt\u00f6k<\/strong><\/td>\n<td align=\"center\"><strong>P\u00e9ntek<\/strong><\/td>\n<\/tr>\n<tr>\n<td align=\"center\">8<span style=\"vertical-align: super; font-size: 50%;\">00<\/span> &#8211; 16<span style=\"vertical-align: super; font-size: 50%;\">00<\/span><\/td>\n<td align=\"center\">8<span style=\"vertical-align: super; font-size: 50%;\">00<\/span> &#8211; 16<span style=\"vertical-align: super; font-size: 50%;\">00<\/span><\/td>\n<td align=\"center\">12<span style=\"vertical-align: super; font-size: 50%;\">00<\/span> &#8211; 16<span style=\"vertical-align: super; font-size: 50%;\">00<\/span><\/td>\n<td align=\"center\">nincs<\/td>\n<td align=\"center\">8<span style=\"vertical-align: super; font-size: 50%;\">00<\/span> &#8211; 13<span style=\"vertical-align: super; font-size: 50%;\">00<\/span><\/td>\n<\/tr>\n<\/tbody>\n<\/table>\n<p style=\"text-align: left;\"><strong>T\u00e1mogat\u00f3 szolg\u00e1latunk tev\u00e9kenys\u00e9gei:<\/strong><\/p>\n<p style=\"text-align: center;\"><style type=\"text\/css\">#wrapper .fusion-button.button-1{text-shadow:none;-webkit-box-shadow:none;-moz-box-shadow:none;box-shadow: none;border-width:1px;color:#105378;border-color:#105378;}#wrapper .fusion-button.button-1:hover,.fusion-button.button-1:focus,.fusion-button.button-1:active{border-width:1px;border-color:#105378;color:#105378;}#wrapper .fusion-button.button-1{background: #90c9e8;\n\t\t\t\t\tbackground-image: -webkit-gradient( linear, left bottom, left top, from( #5aabd6 ), to( #90c9e8 ) );\n\t\t\t\t\tbackground-image: -webkit-linear-gradient( bottom, #5aabd6, #90c9e8 );\n\t\t\t\t\tbackground-image:\t-moz-linear-gradient( bottom, #5aabd6, #90c9e8 );\n\t\t\t\t\tbackground-image:\t  -o-linear-gradient( bottom, #5aabd6, #90c9e8 );\n\t\t\t\t\tbackground-image: linear-gradient( to top, #5aabd6, #90c9e8 );}#wrapper .fusion-button.button-1:hover,.button-1:focus,.fusion-button.button-1:active{background: #5aabd6;\n\t\t\t\t\tbackground-image: -webkit-gradient( linear, left bottom, left top, from( #90c9e8 ), to( #5aabd6 ) );\n\t\t\t\t\tbackground-image: -webkit-linear-gradient( bottom, #90c9e8, #5aabd6 );\n\t\t\t\t\tbackground-image:\t-moz-linear-gradient( bottom, #90c9e8, #5aabd6 );\n\t\t\t\t\tbackground-image:\t  -o-linear-gradient( bottom, #90c9e8, #5aabd6 );\n\t\t\t\t\tbackground-image: linear-gradient( to top, #90c9e8, #5aabd6 );}<\/style><a class=\"button large button default fusion-button button-flat button-round button-large button-default button-1 buttonshadow-no\" target=\"_self\" href=\"#k1\"><span class=\"fusion-button-text\">Szem\u00e9lyi seg\u00edt\u00e9s<\/span><\/a>\u00a0<style type=\"text\/css\">#wrapper .fusion-button.button-2{text-shadow:none;-webkit-box-shadow:none;-moz-box-shadow:none;box-shadow: none;border-width:1px;color:#105378;border-color:#105378;}#wrapper .fusion-button.button-2:hover,.fusion-button.button-2:focus,.fusion-button.button-2:active{border-width:1px;border-color:#105378;color:#105378;}#wrapper .fusion-button.button-2{background: #90c9e8;\n\t\t\t\t\tbackground-image: -webkit-gradient( linear, left bottom, left top, from( #5aabd6 ), to( #90c9e8 ) );\n\t\t\t\t\tbackground-image: -webkit-linear-gradient( bottom, #5aabd6, #90c9e8 );\n\t\t\t\t\tbackground-image:\t-moz-linear-gradient( bottom, #5aabd6, #90c9e8 );\n\t\t\t\t\tbackground-image:\t  -o-linear-gradient( bottom, #5aabd6, #90c9e8 );\n\t\t\t\t\tbackground-image: linear-gradient( to top, #5aabd6, #90c9e8 );}#wrapper .fusion-button.button-2:hover,.button-2:focus,.fusion-button.button-2:active{background: #5aabd6;\n\t\t\t\t\tbackground-image: -webkit-gradient( linear, left bottom, left top, from( #90c9e8 ), to( #5aabd6 ) );\n\t\t\t\t\tbackground-image: -webkit-linear-gradient( bottom, #90c9e8, #5aabd6 );\n\t\t\t\t\tbackground-image:\t-moz-linear-gradient( bottom, #90c9e8, #5aabd6 );\n\t\t\t\t\tbackground-image:\t  -o-linear-gradient( bottom, #90c9e8, #5aabd6 );\n\t\t\t\t\tbackground-image: linear-gradient( to top, #90c9e8, #5aabd6 );}<\/style><a class=\"button large button default fusion-button button-flat button-round button-large button-default button-2 buttonshadow-no\" target=\"_self\" href=\"#k2\"><span class=\"fusion-button-text\">Szem\u00e9lysz\u00e1ll\u00edt\u00e1s<\/span><\/a>\n<p style=\"text-align: center;\">\u00a0<style type=\"text\/css\">#wrapper .fusion-button.button-3{text-shadow:none;-webkit-box-shadow:none;-moz-box-shadow:none;box-shadow: none;border-width:1px;color:#105378;border-color:#105378;}#wrapper .fusion-button.button-3:hover,.fusion-button.button-3:focus,.fusion-button.button-3:active{border-width:1px;border-color:#105378;color:#105378;}#wrapper .fusion-button.button-3{background: #90c9e8;\n\t\t\t\t\tbackground-image: -webkit-gradient( linear, left bottom, left top, from( #5aabd6 ), to( #90c9e8 ) );\n\t\t\t\t\tbackground-image: -webkit-linear-gradient( bottom, #5aabd6, #90c9e8 );\n\t\t\t\t\tbackground-image:\t-moz-linear-gradient( bottom, #5aabd6, #90c9e8 );\n\t\t\t\t\tbackground-image:\t  -o-linear-gradient( bottom, #5aabd6, #90c9e8 );\n\t\t\t\t\tbackground-image: linear-gradient( to top, #5aabd6, #90c9e8 );}#wrapper .fusion-button.button-3:hover,.button-3:focus,.fusion-button.button-3:active{background: #5aabd6;\n\t\t\t\t\tbackground-image: -webkit-gradient( linear, left bottom, left top, from( #90c9e8 ), to( #5aabd6 ) );\n\t\t\t\t\tbackground-image: -webkit-linear-gradient( bottom, #90c9e8, #5aabd6 );\n\t\t\t\t\tbackground-image:\t-moz-linear-gradient( bottom, #90c9e8, #5aabd6 );\n\t\t\t\t\tbackground-image:\t  -o-linear-gradient( bottom, #90c9e8, #5aabd6 );\n\t\t\t\t\tbackground-image: linear-gradient( to top, #90c9e8, #5aabd6 );}<\/style><a class=\"button large button default fusion-button button-flat button-round button-large button-default button-3 buttonshadow-no\" target=\"_self\" href=\"#k3\"><span class=\"fusion-button-text\">Inform\u00e1ci\u00f3ny\u00fajt\u00e1s, tan\u00e1csad\u00e1s<\/span><\/a>\n<p style=\"text-align: left;\"><a name=\"k1\"><\/a><\/p>\n<\/div>\n<\/div><\/div><style type='text\/css'>.reading-box-container-2 .element-bottomshadow:before,.reading-box-container-2 .element-bottomshadow:after{opacity:0.7;}<\/style><div class=\"fusion-reading-box-container reading-box-container-2\"><div class=\"reading-box\" style=\"background-color:#ffffff;border-width:1px;border-color:#f6f6f6;border-left-width:3px;border-left-color:#0057a3;border-style:solid;\">\n<p><strong>Szem\u00e9lyi seg\u00edt\u00e9s<\/strong><\/p>\n<p style=\"text-align: justify;\">Szolg\u00e1ltat\u00e1sunk \u00e1ltal lehet\u0151s\u00e9ge ny\u00edlik \u00fcgyfel\u00fcnknek az \u00f6n\u00e1ll\u00f3bb \u00e9letre, nagyobb \u00e9letviteli szabads\u00e1gra, szakszer\u0171, szem\u00e9lyre szabott ell\u00e1t\u00e1sra, a csal\u00e1dtagok terheinek cs\u00f6kkent\u00e9s\u00e9re. <a name=\"k2\"><\/a><\/p>\n<p style=\"text-align: justify;\"><\/div><\/div><style type='text\/css'>.reading-box-container-3 .element-bottomshadow:before,.reading-box-container-3 .element-bottomshadow:after{opacity:0.7;}<\/style><div class=\"fusion-reading-box-container reading-box-container-3\"><div class=\"reading-box\" style=\"background-color:#ffffff;border-width:1px;border-color:#f6f6f6;border-left-width:3px;border-left-color:#0057a3;border-style:solid;\">\n<p><strong>Szem\u00e9lysz\u00e1ll\u00edt\u00e1s<\/strong><\/p>\n<p style=\"text-align: justify;\">Sz\u00e1ll\u00edt\u00f3 szolg\u00e1lat az alapvet\u0151 sz\u00fcks\u00e9gletek kiel\u00e9g\u00edt\u00e9s\u00e9t seg\u00edt\u0151 szolg\u00e1ltat\u00e1sokhoz, k\u00f6zszolg\u00e1ltat\u00e1sokhoz val\u00f3 hozz\u00e1jut\u00e1s biztos\u00edt\u00e1sa \u00e9rdek\u00e9ben m\u0171k\u00f6dik, vagyis gy\u00f3gykezel\u00e9sre, ter\u00e1pi\u00e1ra, orvoshoz, szakorvoshoz sz\u00e1ll\u00edtjuk az ig\u00e9nyl\u0151ket, valamint a mindennapi \u00e9letet seg\u00edt\u0151 szolg\u00e1ltat\u00e1sok helysz\u00edn\u00e9re, \u00fcgyint\u00e9z\u00e9sre, hivatalokba.<\/p>\n<p style=\"text-align: justify;\">A speci\u00e1lisan \u00e1talak\u00edtott Volkswagen Transporter aut\u00f3 alkalmas a kerekes sz\u00e9kkel k\u00f6zleked\u0151k biztons\u00e1gos sz\u00e1ll\u00edt\u00e1s\u00e1ra is.<\/p>\n<p style=\"text-align: justify;\">Munkanapokon 7.30 \u00e9s 16.00 \u00f3ra k\u00f6z\u00f6tt v\u00e1llalunk sz\u00e1ll\u00edt\u00e1sokat.<br \/>\nSz\u00fcks\u00e9g eset\u00e9n szem\u00e9lyi seg\u00edt\u0151t is biztos\u00edtunk a sz\u00e1ll\u00edt\u00e1shoz.<\/p>\n<p style=\"text-align: justify;\">A sz\u00e1ll\u00edt\u00e1si ig\u00e9nyt 5 nappal kor\u00e1bban kell jelezni a szolg\u00e1lat fel\u00e9. A meg\u00e1llapod\u00e1st k\u00f6vet\u0151en ez t\u00f6rt\u00e9nhet szem\u00e9lyesen vagy telefonon is.<a name=\"k3\"><\/a><\/p>\n<p style=\"text-align: justify;\"><\/div><\/div><style type='text\/css'>.reading-box-container-4 .element-bottomshadow:before,.reading-box-container-4 .element-bottomshadow:after{opacity:0.7;}<\/style><div class=\"fusion-reading-box-container reading-box-container-4\"><div class=\"reading-box\" style=\"background-color:#ffffff;border-width:1px;border-color:#f6f6f6;border-left-width:3px;border-left-color:#0057a3;border-style:solid;\">\n<p style=\"text-align: justify;\"><strong>Inform\u00e1ci\u00f3ny\u00fajt\u00e1s, tan\u00e1csad\u00e1s ter\u00fcletei<\/strong><\/p>\n<ul style=\"text-align: justify;\">\n<li>Eg\u00e9szs\u00e9g\u00fcgyi, oktat\u00e1si, szoci\u00e1lis<\/li>\n<li>K\u00fcl\u00f6nb\u00f6z\u0151 non-profit szervezetek, szolg\u00e1ltat\u00e1sok, ell\u00e1t\u00e1sok<\/li>\n<li>Kultur\u00e1lis programok, rendezv\u00e9nyek<\/li>\n<li>Jogszab\u00e1lyok<\/li>\n<li>Seg\u00e9deszk\u00f6z\u00f6k<\/li>\n<\/ul>\n<p style=\"text-align: justify;\">A szolg\u00e1ltat\u00e1s ig\u00e9nybev\u00e9tele sor\u00e1n szoci\u00e1lisan r\u00e1szorultnak min\u0151s\u00fcl a s\u00falyosan fogyat\u00e9kos szem\u00e9ly.<br \/>\nS\u00falyosan fogyat\u00e9kos a fogyat\u00e9koss\u00e1gi t\u00e1mogat\u00e1sban, vakok szem\u00e9lyi j\u00e1rad\u00e9k\u00e1ban, illetve magasabb \u00f6sszeg\u0171 csal\u00e1di p\u00f3tl\u00e9kban r\u00e9szes\u00fcl\u0151 szem\u00e9ly.<\/p>\n<p style=\"text-align: justify;\">A s\u00falyos fogyat\u00e9koss\u00e1got igazolni lehet<\/p>\n<ol style=\"text-align: justify;\">\n<li>az ell\u00e1t\u00e1s meg\u00e1llap\u00edt\u00e1s\u00e1t, illetve foly\u00f3s\u00edt\u00e1s\u00e1t igazol\u00f3 hat\u00e1rozattal vagy m\u00e1s okirattal,<\/li>\n<li>az ell\u00e1t\u00e1s meg\u00e1llap\u00edt\u00e1s\u00e1nak alapj\u00e1ul szolg\u00e1l\u00f3, a fogyat\u00e9koss\u00e1g fenn\u00e1ll\u00e1s\u00e1t igazol\u00f3 szakv\u00e9lem\u00e9nnyel<\/li>\n<\/ol>\n<p style=\"text-align: justify;\">Az ell\u00e1t\u00e1s k\u00e9relemre indul.<\/p>\n<p style=\"text-align: justify;\">A sz\u00fcks\u00e9ges nyomtatv\u00e1nyok a telephely 5. sz\u00e1m\u00fa irod\u00e1j\u00e1ban vehet\u0151k \u00e1t.<\/p>\n<p style=\"text-align: justify;\">Int\u00e9zm\u00e9nyi t\u00e9r\u00edt\u00e9si d\u00edjak:<\/p>\n<p style=\"text-align: justify;\">Szoci\u00e1lisan r\u00e1szorultak r\u00e9sz\u00e9re:<\/p>\n<ul style=\"text-align: justify;\">\n<li>Szem\u00e9lyi seg\u00edt\u00e9s: 0 Ft\/\u00f3ra<\/li>\n<li>Sz\u00e1ll\u00edt\u00e1s: 0 Ft\/km<\/li>\n<\/ul>\n<p style=\"text-align: justify;\">Szoci\u00e1lisan nem r\u00e1szorultak r\u00e9sz\u00e9re:<\/p>\n<ul style=\"text-align: justify;\">\n<li>Szem\u00e9lyi seg\u00edt\u00e9s: 400 Ft\/\u00f3ra<\/li>\n<li>Sz\u00e1ll\u00edt\u00e1s: 120 Ft\/km<\/li>\n<\/ul>\n<p style=\"text-align: justify;\">A szolg\u00e1ltat\u00e1st teh\u00e1t ig\u00e9nybe vehetik szoci\u00e1lisan nem r\u00e1szorultak is.<\/p>\n<p style=\"text-align: justify;\"><\/div><\/div>\n","protected":false},"excerpt":{"rendered":"","protected":false},"author":1,"featured_media":0,"parent":11807,"menu_order":0,"comment_status":"open","ping_status":"open","template":"","meta":{"footnotes":""},"class_list":["post-12011","page","type-page","status-publish","hentry"],"_links":{"self":[{"href":"https:\/\/hajdusamson.hu\/index.php?rest_route=\/wp\/v2\/pages\/12011","targetHints":{"allow":["GET"]}}],"collection":[{"href":"https:\/\/hajdusamson.hu\/index.php?rest_route=\/wp\/v2\/pages"}],"about":[{"href":"https:\/\/hajdusamson.hu\/index.php?rest_route=\/wp\/v2\/types\/page"}],"author":[{"embeddable":true,"href":"https:\/\/hajdusamson.hu\/index.php?rest_route=\/wp\/v2\/users\/1"}],"replies":[{"embeddable":true,"href":"https:\/\/hajdusamson.hu\/index.php?rest_route=%2Fwp%2Fv2%2Fcomments&post=12011"}],"version-history":[{"count":9,"href":"https:\/\/hajdusamson.hu\/index.php?rest_route=\/wp\/v2\/pages\/12011\/revisions"}],"predecessor-version":[{"id":23696,"href":"https:\/\/hajdusamson.hu\/index.php?rest_route=\/wp\/v2\/pages\/12011\/revisions\/23696"}],"up":[{"embeddable":true,"href":"https:\/\/hajdusamson.hu\/index.php?rest_route=\/wp\/v2\/pages\/11807"}],"wp:attachment":[{"href":"https:\/\/hajdusamson.hu\/index.php?rest_route=%2Fwp%2Fv2%2Fmedia&parent=12011"}],"curies":[{"name":"wp","href":"https:\/\/api.w.org\/{rel}","templated":true}]}}