{"id":20766,"date":"2020-09-14T15:59:20","date_gmt":"2020-09-14T14:59:20","guid":{"rendered":"http:\/\/hajdusamson.hu\/?page_id=20766"},"modified":"2024-02-09T07:51:34","modified_gmt":"2024-02-09T06:51:34","slug":"egyhaz","status":"publish","type":"page","link":"https:\/\/hajdusamson.hu\/?page_id=20766","title":{"rendered":"Egyh\u00e1z"},"content":{"rendered":"<p><a name=\"e1\"><\/a><div class=\"fusion-fullwidth fullwidth-box\" style=\"background-color:#ffffff;background-attachment:scroll;background-position:left top;background-repeat:no-repeat;-webkit-background-size:cover;-moz-background-size:cover;-o-background-size:cover;background-size:cover;border-color:#eae9e9;border-bottom-width: 0px;border-top-width: 0px;border-bottom-style: solid;border-top-style: solid;padding-bottom:20px;padding-left:20px;padding-right:20px;padding-top:20px;\"><div class=\"avada-row\"><style type='text\/css'>.reading-box-container-1 .element-bottomshadow:before,.reading-box-container-1 .element-bottomshadow:after{opacity:0.7;}<\/style><div class=\"fusion-reading-box-container reading-box-container-1\"><div class=\"reading-box\" style=\"background-color:#ffffff;border-width:1px;border-color:#f6f6f6;border-left-width:3px;border-left-color:#0057a3;border-style:solid;\">\n<p><strong>G\u00f6r\u00f6g Katolikus Egyh\u00e1z<\/strong><\/p>\n<p><em>G\u00f6r\u00f6g Katolikus\u00a0<span class=\"gmail-il\">Egyh\u00e1z<\/span>\u00a0Hajd\u00fas\u00e1msoni Par\u00f3kia<\/em><\/p>\n<p style=\"padding-left: 40px;\">Zolcs\u00e1k Mikl\u00f3s par\u00f3kus<\/p>\n<p style=\"padding-left: 40px;\">4251. Hajd\u00fas\u00e1mson, \u00c1rp\u00e1d utca 57.<br \/>\n(4033. Debrecen, Vak Botty\u00e1n u. 24-26.)<\/p>\n<p style=\"padding-left: 40px;\">e-mail:\u00a0<a href=\"mailto:zolcsak2010@gmail.com\" target=\"_blank\" rel=\"noopener noreferrer\">zolcsak2010@gmail.com<\/a><a name=\"e2\"><\/a><\/p>\n<p style=\"padding-left: 40px;\">Telefonsz\u00e1m: +36 (52) 520-983, +36 (30) 482-9450<\/p>\n<\/div><\/div>\n<style type='text\/css'>.reading-box-container-2 .element-bottomshadow:before,.reading-box-container-2 .element-bottomshadow:after{opacity:0.7;}<\/style><div class=\"fusion-reading-box-container reading-box-container-2\"><div class=\"reading-box\" style=\"background-color:#ffffff;border-width:1px;border-color:#f6f6f6;border-left-width:3px;border-left-color:#0057a3;border-style:solid;\">\n<p><strong>Reform\u00e1tus Egyh\u00e1zk\u00f6zs\u00e9g<\/strong><\/p>\n<p><em>Hajd\u00fas\u00e1msoni Reform\u00e1tus Egyh\u00e1zk\u00f6zs\u00e9g<\/em><\/p>\n<p>Szanyi Gy\u00f6rgy tiszteletes<\/p>\n<p style=\"padding-left: 40px;\">4251. Hajd\u00fas\u00e1mson, R\u00e1k\u00f3czi utca 2.<\/p>\n<p style=\"padding-left: 40px;\">Telefonsz\u00e1m: +36 (52) 640-737<\/p>\n<p style=\"padding-left: 40px;\">Honlap: <a class=\"moz-txt-link-abbreviated\" href=\"http:\/\/www.hajdusamsonreformatus.hu\">www.hajdusamsonreformatus.hu<\/a><\/p>\n<p style=\"padding-left: 40px;\"><em>Nyitvatart\u00e1si id\u0151:<\/em><a name=\"e3\"><\/a><\/p>\n<ul>\n<li style=\"list-style-type: none;\">\n<ul>\n<li>H, K, Cs, P: 8.00-12.00<\/li>\n<li>Sze 13.00-17.00<\/li>\n<\/ul>\n<\/li>\n<\/ul>\n<\/div><\/div>\n<style type='text\/css'>.reading-box-container-3 .element-bottomshadow:before,.reading-box-container-3 .element-bottomshadow:after{opacity:0.7;}<\/style><div class=\"fusion-reading-box-container reading-box-container-3\"><div class=\"reading-box\" style=\"background-color:#ffffff;border-width:1px;border-color:#f6f6f6;border-left-width:3px;border-left-color:#0057a3;border-style:solid;\">\n<p><strong>R\u00f3mai Katolikus Egyh\u00e1z<\/strong><\/p>\n<p><em>Hajd\u00fas\u00e1msoni R\u00f3mai Katolikus Pl\u00e9b\u00e1nia<\/em><\/p>\n<p>Fodor Andr\u00e1s atya<\/p>\n<p style=\"padding-left: 40px;\">Hajd\u00fas\u00e1mson B\u00e9ke utca 1.<\/p>\n<p style=\"padding-left: 40px;\">K\u00e1lm\u00e1n J\u00f3zsef pl\u00e9b\u00e1nos<\/p>\n<p style=\"padding-left: 40px;\">Telefonsz\u00e1m: +36 (30) 236-7321<\/p>\n<p style=\"padding-left: 40px;\"><em>Nyitvatart\u00e1si id\u0151: <\/em><\/p>\n<ul>\n<li style=\"list-style-type: none;\">\n<ul>\n<li>minden vas\u00e1rnap 10.00 &#8211; 13.00 \u00f3r\u00e1ig<\/li>\n<\/ul>\n<\/li>\n<\/ul>\n<\/div><\/div><\/div><\/div>\n","protected":false},"excerpt":{"rendered":"","protected":false},"author":1,"featured_media":0,"parent":11807,"menu_order":0,"comment_status":"closed","ping_status":"closed","template":"","meta":{"footnotes":""},"class_list":["post-20766","page","type-page","status-publish","hentry"],"_links":{"self":[{"href":"https:\/\/hajdusamson.hu\/index.php?rest_route=\/wp\/v2\/pages\/20766","targetHints":{"allow":["GET"]}}],"collection":[{"href":"https:\/\/hajdusamson.hu\/index.php?rest_route=\/wp\/v2\/pages"}],"about":[{"href":"https:\/\/hajdusamson.hu\/index.php?rest_route=\/wp\/v2\/types\/page"}],"author":[{"embeddable":true,"href":"https:\/\/hajdusamson.hu\/index.php?rest_route=\/wp\/v2\/users\/1"}],"replies":[{"embeddable":true,"href":"https:\/\/hajdusamson.hu\/index.php?rest_route=%2Fwp%2Fv2%2Fcomments&post=20766"}],"version-history":[{"count":8,"href":"https:\/\/hajdusamson.hu\/index.php?rest_route=\/wp\/v2\/pages\/20766\/revisions"}],"predecessor-version":[{"id":23710,"href":"https:\/\/hajdusamson.hu\/index.php?rest_route=\/wp\/v2\/pages\/20766\/revisions\/23710"}],"up":[{"embeddable":true,"href":"https:\/\/hajdusamson.hu\/index.php?rest_route=\/wp\/v2\/pages\/11807"}],"wp:attachment":[{"href":"https:\/\/hajdusamson.hu\/index.php?rest_route=%2Fwp%2Fv2%2Fmedia&parent=20766"}],"curies":[{"name":"wp","href":"https:\/\/api.w.org\/{rel}","templated":true}]}}