{"id":24348,"date":"2024-11-11T13:11:15","date_gmt":"2024-11-11T12:11:15","guid":{"rendered":"https:\/\/hajdusamson.hu\/?page_id=24348"},"modified":"2024-11-11T13:11:15","modified_gmt":"2024-11-11T12:11:15","slug":"telepulesi-reszonkormanyzatok","status":"publish","type":"page","link":"https:\/\/hajdusamson.hu\/?page_id=24348","title":{"rendered":"Telep\u00fcl\u00e9si R\u00e9sz\u00f6nkorm\u00e1nyzatok"},"content":{"rendered":"<div class=\"fusion-fullwidth fullwidth-box\" style=\"background-color:#ffffff;background-attachment:scroll;background-position:left top;background-repeat:no-repeat;-webkit-background-size:cover;-moz-background-size:cover;-o-background-size:cover;background-size:cover;border-color:#eae9e9;border-bottom-width: 0px;border-top-width: 0px;border-bottom-style: solid;border-top-style: solid;padding-bottom:20px;padding-left:20px;padding-right:20px;padding-top:20px;\"><div class=\"avada-row\">\n<p><strong>Martinkai R\u00e9sz\u00f6nkorm\u00e1nyzat<\/strong><\/p>\n<p style=\"padding-left: 40px;\">Eln\u00f6k: Fekete R\u00f3bert (telep\u00fcl\u00e9sr\u00e9szi k\u00e9pvisel\u0151)<\/p>\n<p style=\"padding-left: 40px;\">Tag: Urb\u00e1nszki K\u00e1rolyn\u00e9 ( \u00f6nkorm\u00e1nyzati k\u00e9pvisel\u0151)<\/p>\n<p style=\"padding-left: 40px;\">Nagy Tiborn\u00e9 (telep\u00fcl\u00e9sr\u00e9szen lak\u00f3 v\u00e1laszt\u00f3polg\u00e1r)<\/p>\n<p><strong>S\u00e1msonkerti R\u00e9sz\u00f6nkorm\u00e1nyzat<\/strong><\/p>\n<p style=\"padding-left: 40px;\">Eln\u00f6k: Cs\u0151szn\u00e9 Szil\u00e1gyi Erzs\u00e9bet ( telep\u00fcl\u00e9sr\u00e9szi k\u00e9pvisel\u0151)<\/p>\n<p style=\"padding-left: 40px;\">Tag: Murguly G\u00e1bor (\u00f6nkorm\u00e1nyzati k\u00e9pvisel\u0151)<\/p>\n<p style=\"padding-left: 40px;\">Ol\u00e1hn\u00e9 Pesti Erzs\u00e9bet (telep\u00fcl\u00e9sr\u00e9szen lak\u00f3 v\u00e1laszt\u00f3polg\u00e1r)<\/p>\n<\/div><\/div>\n","protected":false},"excerpt":{"rendered":"","protected":false},"author":1,"featured_media":0,"parent":0,"menu_order":0,"comment_status":"closed","ping_status":"closed","template":"","meta":{"footnotes":""},"class_list":["post-24348","page","type-page","status-publish","hentry"],"_links":{"self":[{"href":"https:\/\/hajdusamson.hu\/index.php?rest_route=\/wp\/v2\/pages\/24348","targetHints":{"allow":["GET"]}}],"collection":[{"href":"https:\/\/hajdusamson.hu\/index.php?rest_route=\/wp\/v2\/pages"}],"about":[{"href":"https:\/\/hajdusamson.hu\/index.php?rest_route=\/wp\/v2\/types\/page"}],"author":[{"embeddable":true,"href":"https:\/\/hajdusamson.hu\/index.php?rest_route=\/wp\/v2\/users\/1"}],"replies":[{"embeddable":true,"href":"https:\/\/hajdusamson.hu\/index.php?rest_route=%2Fwp%2Fv2%2Fcomments&post=24348"}],"version-history":[{"count":1,"href":"https:\/\/hajdusamson.hu\/index.php?rest_route=\/wp\/v2\/pages\/24348\/revisions"}],"predecessor-version":[{"id":24349,"href":"https:\/\/hajdusamson.hu\/index.php?rest_route=\/wp\/v2\/pages\/24348\/revisions\/24349"}],"wp:attachment":[{"href":"https:\/\/hajdusamson.hu\/index.php?rest_route=%2Fwp%2Fv2%2Fmedia&parent=24348"}],"curies":[{"name":"wp","href":"https:\/\/api.w.org\/{rel}","templated":true}]}}